{"id":12899,"date":"2022-12-12T19:39:42","date_gmt":"2022-12-12T19:39:42","guid":{"rendered":"https:\/\/www.pret-a-portrait.net\/?page_id=12899"},"modified":"2022-12-12T19:48:36","modified_gmt":"2022-12-12T19:48:36","slug":"what-happens-next-home-eu-uk","status":"publish","type":"page","link":"https:\/\/pret-liveeu-site.azurewebsites.net\/es\/what-happens-next-home-eu-uk\/","title":{"rendered":"QU\u00c9 SUCEDE A CONTINUACI\u00d3N"},"content":{"rendered":"<h1 id=\"WHNheader\"><\/h1>\n<p>Nuestro proceso y nuestros tiempos de entrega var\u00edan seg\u00fan el tipo de producto. Haga clic en los tipos de productos correspondientes para ver c\u00f3mo se procesa su pedido.<\/p>\n<ul>\n<li><a href=\"#DIGdownload\">DESCARGAS DIGITALES (JPEGS)<\/a><\/li>\n<li><a href=\"#UNframed\">IMPRESIONES SIN ENMARCAR <\/a><\/li>\n<li><a href=\"#FRAMESetc\">IMPRESIONES ENMARCADAS, LIENZOS Y ACR\u00cdLICOS<\/a><\/li>\n<li><a href=\"#APPROVALprod\">ART\u00cdCULOS QUE REQUIEREN &#8216;APROBACI\u00d3N&#8217;<\/a><br \/>\n<em>Art\u00edculos que requieren su aprobaci\u00f3n final antes de la producci\u00f3n<\/em><\/li>\n<\/ul>\n<p>&nbsp;<\/p>\n<div class=\"whn-timing\">\nCOSAS QUE LE RESULTAR\u00c1 \u00daTIL SABER\n<\/div>\n<p><strong>Retoques<\/strong><br \/>\nLa mayor\u00eda de las im\u00e1genes que ve en l\u00ednea ya han pasado por nuestro proceso de retoque autom\u00e1tico especialmente desarrollado para limpiar el fondo, de modo que lo que ve en l\u00ednea es una representaci\u00f3n fidedigna del producto terminado &#8216;listo para imprimir&#8217;. En la mayor\u00eda de los casos, esto funciona de maravilla, pero muy ocasionalmente es posible que vea algo un poco raro en la imagen.Si hay algo que no le gusta de las im\u00e1genes de los pedidos FAST TRACK o DIRECTO A IMPRESI\u00d3N cuando las reciba, inf\u00f3rmenos y rectificaremos cualquier error de automatizaci\u00f3n a mano, sin cargo alguno. <\/p>\n<p>Los pedidos con RETOQUE PERSONALIZADO se retocan manualmente siguiendo sus especificaciones.<\/p>\n<p><strong>Art\u00edculos que requieren aprobaci\u00f3n<\/strong><br \/>\nAlgunos productos requieren su aprobaci\u00f3n final para que podamos continuar con la producci\u00f3n (por ejemplo, fotograf\u00edas con varias im\u00e1genes, como las composiciones de 3 o las composiciones de 9, e im\u00e1genes grandes para las que haya solicitado recortes o retoques espec\u00edficos). Si este es el caso de alguno de sus pedidos, le informaremos por correo electr\u00f3nico. En estos casos, nuestros plazos de entrega comienzan a partir de la fecha de &#8216;aprobaci\u00f3n final&#8217; en lugar de la fecha del pedido original.<\/p>\n<p><strong>Pedidos mixtos<\/strong><br \/>\nSi su pedido incluye m\u00e1s de un tipo de producto, es posible que se env\u00eden los diferentes art\u00edculos por separado.<\/p>\n<p><strong>Pedidos de Navidad<\/strong><br \/>\nEn el periodo previo a la Navidad, publicamos informaci\u00f3n sobre las fechas de los pedidos y las \u00faltimas fechas de env\u00edo en nuestro sitio web. Durante este periodo, algunos de los plazos de entrega pueden diferir de los aqu\u00ed expuestos.<br \/>\n&nbsp;<\/p>\n<p><strong>QU\u00c9 SUCEDE A CONTINUACI\u00d3N POR TIPO DE PRODUCTO<\/strong><\/p>\n<h2 id=\"DIGdownload\" class=\"whn-product-type\">TIPO DE PRODUCTO:<strong>\u00a0 DESCARGAS DIGITALES (JPEGS)<\/strong><\/h2>\n<p><strong><u>Descarga digital FAST TRACK<\/u><\/strong><br \/>\nNuestro sistema cargar\u00e1 autom\u00e1ticamente los archivos digitales FAST TRACK que solicite en su cuenta en cuesti\u00f3n de minutos. Se le enviar\u00e1 un correo electr\u00f3nico tan pronto como est\u00e9n listos para descargar.<\/p>\n<div class=\"whn-timing\">\n<u>PLAZO DE ENTREGA <\/u><br \/>\nNormalmente 10 minutos o menos.\n<\/div>\n<p><strong><u>Descarga digital con RETOQUE PERSONALIZADO<\/u><\/strong><br \/>\nUno de nuestros expertos retocar\u00e1 sus im\u00e1genes siguiendo sus instrucciones y las cargar\u00e1 en su \u00e1lbum.<\/p>\n<div class=\"whn-timing\">\n<u>PLAZO DE ENTREGA<\/u><br \/>\nLo haremos lo m\u00e1s r\u00e1pido posible. Normalmente se tarda entre 3 y 4 d\u00edas h\u00e1biles, pero puede demorar hasta 10 d\u00edas, especialmente en los periodos de mayor actividad.\n<\/div>\n<p><a href=\"#WHNheader\">Volver arriba<\/a><\/p>\n<p>&nbsp;<\/p>\n<h2 id=\"UNframed\" class=\"whn-product-type\">TIPO DE PRODUCTO: <strong>\u00a0 IMPRESIONES SIN ENMARCAR <\/strong><\/h2>\n<p>Los pedidos de tipo <strong><u>DIRECTO A IMPRESI\u00d3N<\/u><\/strong>  ir\u00e1n directamente a la cola de impresi\u00f3n y normalmente se imprimir\u00e1n en 2 d\u00edas h\u00e1biles.<\/p>\n<p>Las impresiones con <strong><u>RETOQUE PERSONALIZADO<\/u><\/strong>  ser\u00e1n retocadas por uno de nuestros expertos en un plazo de entre 3 y 4 d\u00edas y se colocar\u00e1n en la cola de impresi\u00f3n.<\/p>\n<p>Enviaremos su pedido a la escuela. Recibir\u00e1 un correo electr\u00f3nico de aviso cuando se env\u00ede su pedido.<\/p>\n<div class=\"whn-timing\">\n<u>PLAZO DE ENTREGA<\/u><br \/>\nNormalmente enviamos este tipo de pedido en un plazo de entre 7 y 14 d\u00edas h\u00e1biles.\n<\/div>\n<p><a href=\"#WHNheader\">Volver arriba<\/a><\/p>\n<p>&nbsp;<\/p>\n<h2 id=\"FRAMESetc\" class=\"whn-product-type\">TIPO DE PRODUCTO: <strong>\u00a0 IMPRESIONES ENMARCADAS, LIENZOS Y ACR\u00cdLICOS<\/strong><\/h2>\n<p>Uno de nuestros expertos en retoques trabajar\u00e1 para que las im\u00e1genes que ha solicitado est\u00e9n limpias y &#8216;listas para imprimir&#8217;.<\/p>\n<p>Luego las imprimiremos y enmarcaremos o prepararemos el lienzo o el acr\u00edlico.<\/p>\n<p>Enviaremos su pedido a la escuela. Recibir\u00e1 un correo electr\u00f3nico de aviso cuando se env\u00ede su pedido.<\/p>\n<div class=\"whn-timing\">\n<u>PLAZO DE ENTREGA<\/u><br \/>\nLo haremos lo m\u00e1s r\u00e1pido posible. El plazo de entrega previsto es entre 14 y 28 d\u00edas h\u00e1biles.\n<\/div>\n<p><a href=\"#WHNheader\">Volver arriba<\/a><\/p>\n<p>&nbsp;<\/p>\n<h2 id=\"APPROVALprod\" class=\"whn-product-type\">TIPO DE PRODUCTO: <strong>\u00a0PRODUCTOS QUE REQUIEREN APROBACI\u00d3N<\/strong><\/h2>\n<p>Productos que requieren su aprobaci\u00f3n final para que podamos proceder a la producci\u00f3n.<\/p>\n<p>Uno de nuestros expertos en retoques preparar\u00e1 los archivos de im\u00e1genes siguiendo sus indicaciones y los requisitos del producto que ha solicitado.<\/p>\n<p>Luego cargaremos el archivo &#8216;listo para producci\u00f3n&#8217; en su cuenta en nuestro sitio web y le enviaremos un correo electr\u00f3nico en el que le informaremos que ya puede examinar su pedido.<\/p>\n<p>Puede aprobar o solicitar modificaciones en l\u00ednea o poni\u00e9ndose en contacto con nuestro equipo de atenci\u00f3n al cliente.<\/p>\n<div class=\"whn-timing\">\n<u>PLAZO DE ENTREGA<\/u><br \/>\nLo haremos lo m\u00e1s r\u00e1pido posible. El pazo de entrega previsto para que pueda revisar sus im\u00e1genes es de entre 3 y 4 d\u00edas h\u00e1biles.\n<\/div>\n<p><a href=\"#WHNheader\">Volver arriba<\/a><\/p>\n","protected":false},"excerpt":{"rendered":"<p>Nuestro proceso y nuestros tiempos de entrega var\u00edan seg\u00fan el tipo de producto. Haga clic en los tipos de productos correspondientes para ver c\u00f3mo se procesa su pedido. DESCARGAS DIGITALES (JPEGS) IMPRESIONES SIN ENMARCAR IMPRESIONES ENMARCADAS, LIENZOS Y ACR\u00cdLICOS ART\u00cdCULOS QUE REQUIEREN &#8216;APROBACI\u00d3N&#8217; Art\u00edculos que requieren su aprobaci\u00f3n final antes de la producci\u00f3n &nbsp; COSAS [&hellip;]<\/p>\n","protected":false},"author":4,"featured_media":0,"parent":0,"menu_order":0,"comment_status":"closed","ping_status":"closed","template":"template_fullwidth.php","meta":[],"_links":{"self":[{"href":"https:\/\/pret-liveeu-site.azurewebsites.net\/es\/wp-json\/wp\/v2\/pages\/12899"}],"collection":[{"href":"https:\/\/pret-liveeu-site.azurewebsites.net\/es\/wp-json\/wp\/v2\/pages"}],"about":[{"href":"https:\/\/pret-liveeu-site.azurewebsites.net\/es\/wp-json\/wp\/v2\/types\/page"}],"author":[{"embeddable":true,"href":"https:\/\/pret-liveeu-site.azurewebsites.net\/es\/wp-json\/wp\/v2\/users\/4"}],"replies":[{"embeddable":true,"href":"https:\/\/pret-liveeu-site.azurewebsites.net\/es\/wp-json\/wp\/v2\/comments?post=12899"}],"version-history":[{"count":1,"href":"https:\/\/pret-liveeu-site.azurewebsites.net\/es\/wp-json\/wp\/v2\/pages\/12899\/revisions"}],"predecessor-version":[{"id":12900,"href":"https:\/\/pret-liveeu-site.azurewebsites.net\/es\/wp-json\/wp\/v2\/pages\/12899\/revisions\/12900"}],"wp:attachment":[{"href":"https:\/\/pret-liveeu-site.azurewebsites.net\/es\/wp-json\/wp\/v2\/media?parent=12899"}],"curies":[{"name":"wp","href":"https:\/\/api.w.org\/{rel}","templated":true}]}}