{"id":12872,"date":"2022-11-11T18:30:59","date_gmt":"2022-11-11T18:30:59","guid":{"rendered":"https:\/\/www.pret-a-portrait.net\/what-happens-next-school\/"},"modified":"2022-12-12T18:15:56","modified_gmt":"2022-12-12T18:15:56","slug":"what-happens-next-school","status":"publish","type":"page","link":"https:\/\/pret-liveeu-site.azurewebsites.net\/vi\/what-happens-next-school\/","title":{"rendered":"\u0110I\u1ec0U G\u00cc S\u1ebc X\u1ea2Y RA TI\u1ebeP THEO"},"content":{"rendered":"<h1 id=\"WHNheader\"><\/h1>\n<p>Quy tr\u00ecnh v\u00e0 th\u1eddi gian quay v\u00f2ng c\u1ee7a ch\u00fang t\u00f4i kh\u00e1c nhau t\u00f9y theo lo\u1ea1i s\u1ea3n ph\u1ea9m. Vui l\u00f2ng nh\u1ea5p v\u00e0o (c\u00e1c) lo\u1ea1i s\u1ea3n ph\u1ea9m ph\u00f9 h\u1ee3p \u0111\u1ec3 t\u00ecm hi\u1ec3u v\u1ec1 nh\u1eefng \u0111i\u1ec1u mong \u0111\u1ee3i v\u1edbi \u0111\u01a1n \u0111\u1eb7t h\u00e0ng c\u1ee7a b\u1ea1n.<\/p>\n<ul>\n<li><a href=\"#DIGdownload\">T\u1ea2I XU\u1ed0NG K\u1ef8 THU\u1eacT S\u1ed0 (JPEGS)<\/a><\/li>\n<li><a href=\"#UNframed\">B\u1ea2N IN KH\u00d4NG C\u00d3 KHUNG<\/a><\/li>\n<li><a href=\"#FRAMESetc\">B\u1ea2N IN C\u00d3 KHUNG, \u1ea2NH CANVAS &amp; ACRYLIC<\/a><\/li>\n<li><a href=\"#APPROVALprod\">C\u00c1C M\u1eb6T H\u00c0NG C\u1ea6N \u0110\u01af\u1ee2C &#8216;CH\u1ea4P THU\u1eacN&#8217;<\/a><br \/>\n<em>C\u00e1c m\u1eb7t h\u00e0ng y\u00eau c\u1ea7u c\u00f3 s\u1ef1 ch\u1ea5p thu\u1eadn cu\u1ed1i c\u00f9ng c\u1ee7a b\u1ea1n tr\u01b0\u1edbc khi s\u1ea3n xu\u1ea5t<\/em><\/li>\n<\/ul>\n<p>&nbsp;<\/p>\n<div class=\"whn-timing\">\nNH\u1eeeNG \u0110I\u1ec0U C\u00d3 TH\u1ec2 H\u1eeeU \u00cdCH M\u00c0 CH\u00daNG TA C\u1ea6N BI\u1ebeT\n<\/div>\n<p><strong>Ch\u1ec9nh s\u1eeda<\/strong><br \/>\nH\u1ea7u h\u1ebft c\u00e1c h\u00ecnh \u1ea3nh m\u00e0 b\u1ea1n xem tr\u1ef1c tuy\u1ebfn \u0111\u1ec1u \u0111\u00e3 tr\u1ea3i qua quy tr\u00ecnh ch\u1ec9nh s\u1eeda t\u1ef1 \u0111\u1ed9ng \u0111\u01b0\u1ee3c ph\u00e1t tri\u1ec3n \u0111\u1eb7c bi\u1ec7t c\u1ee7a ch\u00fang t\u00f4i \u0111\u1ec3 xo\u00e1 s\u1ea1ch n\u1ec1n \u1ea3nh, v\u00ec v\u1eady nh\u1eefng g\u00ec b\u1ea1n th\u1ea5y tr\u1ef1c tuy\u1ebfn s\u1ebd th\u1ec3 hi\u1ec7n t\u1ed1t s\u1ea3n ph\u1ea9m \u0111\u00e3 ho\u00e0n th\u00e0nh &#8216;s\u1eb5n s\u00e0ng in&#8217;. H\u1ea7u h\u1ebft m\u1ecdi l\u00fac t\u00ednh n\u0103ng n\u00e0y ho\u1ea1t \u0111\u1ed9ng t\u1ed1t, nh\u01b0ng \u0111\u00f4i khi b\u1ea1n c\u00f3 th\u1ec3 th\u1ea5y c\u00f3 c\u00e1i g\u00ec \u0111\u00f3 tr\u00f4ng h\u01a1i k\u1ef3 l\u1ea1.N\u1ebfu b\u1ea1n lo l\u1eafng v\u1ec1 h\u00ecnh \u1ea3nh t\u1eeb c\u00e1c \u0111\u01a1n \u0111\u1eb7t h\u00e0ng THEO D\u00d5I CHUY\u1ec2N PH\u00c1T NHANH ho\u1eb7c IN TR\u1ef0C TI\u1ebeP khi b\u1ea1n nh\u1eadn \u0111\u01b0\u1ee3c, vui l\u00f2ng cho ch\u00fang t\u00f4i bi\u1ebft v\u00e0 ch\u00fang t\u00f4i s\u1ebd s\u1eeda b\u1ea5t k\u1ef3 l\u1ed7i t\u1ef1 \u0111\u1ed9ng n\u00e0o th\u1ee7 c\u00f4ng, mi\u1ec5n ph\u00ed.<\/p>\n<p>C\u00e1c \u0111\u01a1n \u0111\u1eb7t h\u00e0ng T\u00d9Y CH\u1ec8NH s\u1ebd \u0111\u01b0\u1ee3c ch\u1ec9nh s\u1eeda th\u1ee7 c\u00f4ng theo chi ti\u1ebft \u0111\u1eb7c bi\u1ec7t c\u1ee7a b\u1ea1n.<\/p>\n<p><strong>C\u00e1c m\u1eb7t h\u00e0ng c\u1ea7n \u0111\u01b0\u1ee3c ch\u1ea5p thu\u1eadn<\/strong><br \/>\nM\u1ed9t s\u1ed1 s\u1ea3n ph\u1ea9m nh\u1ea5t \u0111\u1ecbnh c\u1ea7n c\u00f3 s\u1ef1 ch\u1ea5p thu\u1eadn cu\u1ed1i c\u00f9ng c\u1ee7a b\u1ea1n tr\u01b0\u1edbc khi ch\u00fang t\u00f4i c\u00f3 th\u1ec3 ti\u1ebfn h\u00e0nh s\u1ea3n xu\u1ea5t (v\u00ed d\u1ee5: \u1ea3nh g\u1ed3m nhi\u1ec1u h\u00ecnh \u1ea3nh t\u1ea1o n\u00ean nh\u01b0 3up ho\u1eb7c 9ups v\u00e0 b\u1ea5t k\u1ef3 m\u1eb7t h\u00e0ng n\u00e0o l\u1edbn h\u01a1n m\u00e0 b\u1ea1n \u0111\u00e3 y\u00eau c\u1ea7u c\u1eaft ho\u1eb7c ch\u1ec9nh s\u1eeda c\u1ee5 th\u1ec3). N\u1ebfu \u0111i\u1ec1u n\u00e0y \u00e1p d\u1ee5ng cho b\u1ea5t k\u1ef3 s\u1ea3n ph\u1ea9m n\u00e0o m\u00e0 b\u1ea1n \u0111\u00e3 \u0111\u1eb7t h\u00e0ng, b\u1ea1n s\u1ebd \u0111\u01b0\u1ee3c th\u00f4ng b\u00e1o qua email. Trong nh\u1eefng tr\u01b0\u1eddng h\u1ee3p n\u00e0y, th\u1eddi gian quay v\u00f2ng c\u1ee7a ch\u00fang t\u00f4i b\u1eaft \u0111\u1ea7u t\u1eeb ng\u00e0y &#8216;ch\u1ea5p thu\u1eadn cu\u1ed1i c\u00f9ng&#8217; thay v\u00ec ng\u00e0y c\u1ee7a \u0111\u01a1n \u0111\u1eb7t h\u00e0ng ban \u0111\u1ea7u.<\/p>\n<p><strong>\u0110\u01a1n \u0111\u1eb7t h\u00e0ng t\u1ed5ng h\u1ee3p<\/strong><br \/>\nN\u1ebfu \u0111\u01a1n \u0111\u1eb7t h\u00e0ng c\u1ee7a b\u1ea1n bao g\u1ed3m nhi\u1ec1u lo\u1ea1i s\u1ea3n ph\u1ea9m v\u00e0 c\u00e1c m\u1eb7t h\u00e0ng kh\u00e1c nhau, \u0111\u01a1n c\u00f3 th\u1ec3 \u0111\u01b0\u1ee3c v\u1eadn chuy\u1ec3n ri\u00eang.<\/p>\n<p><strong>\u0110\u01a1n \u0111\u1eb7t h\u00e0ng Gi\u00e1ng sinh<\/strong><br \/>\nTr\u01b0\u1edbc Gi\u00e1ng sinh, ch\u00fang t\u00f4i c\u00f4ng b\u1ed1 chi ti\u1ebft c\u1ee5 th\u1ec3 v\u1ec1 ng\u00e0y \u0111\u1eb7t h\u00e0ng v\u00e0 ng\u00e0y giao h\u00e0ng cu\u1ed1i c\u00f9ng tr\u00ean trang web c\u1ee7a ch\u00fang t\u00f4i. Trong th\u1eddi gian n\u00e0y, m\u1ed9t s\u1ed1 chi ti\u1ebft c\u00f3 th\u1ec3 kh\u00e1c v\u1edbi th\u1eddi gian \u0111\u01b0\u1ee3c \u0111\u1ec1 c\u1eadp t\u1ea1i \u0111\u00e2y.<\/p>\n<p>&nbsp;<\/p>\n<p><strong>\u0110I\u1ec0U G\u00cc X\u1ea2Y RA SAU \u0110\u00d3 THEO LO\u1ea0I S\u1ea2N PH\u1ea8M<\/strong><\/p>\n<h2 id=\"DIGdownload\" class=\"whn-product-type\">LO\u1ea0I S\u1ea2N PH\u1ea8M: <strong>\u00a0 T\u1ea2I XU\u1ed0NG K\u1ef8 THU\u1eacT S\u1ed0 (JPEGS)<\/strong><\/h2>\n<p><strong><u>T\u1ea3i xu\u1ed1ng k\u1ef9 thu\u1eadt s\u1ed1 THEO D\u00d5I CHUY\u1ec2N PH\u00c1T NHANH<\/u><\/strong><br \/>\nH\u1ec7 th\u1ed1ng c\u1ee7a ch\u00fang t\u00f4i s\u1ebd t\u1ef1 \u0111\u1ed9ng t\u1ea3i l\u00ean b\u1ea5t k\u1ef3 t\u1ec7p k\u1ef9 thu\u1eadt s\u1ed1 THEO D\u00d5I CHUY\u1ec2N PH\u00c1T NHANH n\u00e0o m\u00e0 b\u1ea1n \u0111\u1eb7t h\u00e0ng v\u1edbi t\u00e0i kho\u1ea3n c\u1ee7a m\u00ecnh trong v\u00f2ng v\u00e0i ph\u00fat. B\u1ea1n s\u1ebd nh\u1eadn \u0111\u01b0\u1ee3c email ngay sau khi c\u00e1c t\u1ec7p s\u1eb5n s\u00e0ng t\u1ea3i xu\u1ed1ng.<\/p>\n<div class=\"whn-timing\">\n<u>TH\u1edcI GIAN<\/u><br \/>\nTh\u01b0\u1eddng l\u00e0 10 ph\u00fat ho\u1eb7c \u00edt h\u01a1n.\n<\/div>\n<p><strong><u>T\u1ea3i xu\u1ed1ng k\u1ef9 thu\u1eadt s\u1ed1 TU\u1ef2 CH\u1ec8NH<\/u><\/strong><br \/>\nM\u1ed9t ho\u1eb7c nhi\u1ec1u chuy\u00ean gia c\u1ee7a ch\u00fang t\u00f4i s\u1ebd ch\u1ec9nh s\u1eeda (c\u00e1c) h\u00ecnh \u1ea3nh c\u1ee7a b\u1ea1n theo h\u01b0\u1edbng d\u1eabn c\u1ee7a b\u1ea1n v\u00e0 \u0111\u0103ng c\u00e1c h\u00ecnh \u1ea3nh \u0111\u00f3 l\u00ean album c\u1ee7a b\u1ea1n.<\/p>\n<div class=\"whn-timing\">\n<u>TH\u1edcI GIAN<\/u><br \/>\nCh\u00fang t\u00f4i s\u1ebd l\u00e0m vi\u1ec7c n\u00e0y nhanh nh\u1ea5t c\u00f3 th\u1ec3. Th\u00f4ng th\u01b0\u1eddng s\u1ebd m\u1ea5t 3-4 ng\u00e0y l\u00e0m vi\u1ec7c nh\u01b0ng c\u00f3 th\u1ec3 m\u1ea5t \u0111\u1ebfn 10 ng\u00e0y, nh\u1ea5t l\u00e0 v\u00e0o nh\u1eefng th\u1eddi \u0111i\u1ec3m b\u1eadn r\u1ed9n nh\u1ea5t c\u1ee7a ch\u00fang t\u00f4i.\n<\/div>\n<p><a href=\"#WHNheader\">Tr\u1edf l\u1ea1i \u0111\u1ea7u trang<\/a><\/p>\n<p>&nbsp;<\/p>\n<h2 id=\"UNframed\" class=\"whn-product-type\">LO\u1ea0I S\u1ea2N PH\u1ea8M:  <strong>\u00a0 B\u1ea2N IN KH\u00d4NG C\u00d3 KHUNG <\/strong><\/h2>\n<p><strong><u>IN TR\u1ef0C TI\u1ebeP <\/u><\/strong> \u0111\u01a1n \u0111\u1eb7t h\u00e0ng s\u1ebd \u0111\u01b0\u1ee3c chuy\u1ec3n th\u1eb3ng v\u00e0o h\u00e0ng \u0111\u1ee3i in v\u00e0 th\u01b0\u1eddng \u0111\u01b0\u1ee3c in trong v\u00f2ng 2 ng\u00e0y l\u00e0m vi\u1ec7c.<\/p>\n<p><strong><u>T\u00d9Y CH\u1ec8NH <\/u><\/strong> c\u00e1c b\u1ea3n in th\u01b0\u1eddng s\u1ebd \u0111\u01b0\u1ee3c ch\u1ec9nh s\u1eeda b\u1edfi m\u1ed9t trong c\u00e1c chuy\u00ean gia c\u1ee7a ch\u00fang t\u00f4i trong v\u00f2ng 3-4 ng\u00e0y v\u00e0 sau \u0111\u00f3 \u0111\u01b0a v\u00e0o h\u00e0ng \u0111\u1ee3i in.<\/p>\n<p>Ch\u00fang t\u00f4i s\u1ebd g\u1eedi \u0111\u01a1n \u0111\u1eb7t h\u00e0ng c\u1ee7a b\u1ea1n \u0111\u1ebfn tr\u01b0\u1eddng. B\u1ea1n s\u1ebd nh\u1eadn \u0111\u01b0\u1ee3c email t\u01b0 v\u1ea5n khi \u0111\u01a1n h\u00e0ng c\u1ee7a b\u1ea1n \u0111\u01b0\u1ee3c v\u1eadn chuy\u1ec3n.<\/p>\n<div class=\"whn-timing\">\n<u>TH\u1edcI GIAN<\/u><br \/>\nCh\u00fang t\u00f4i d\u1ef1 ki\u1ebfn \u0111\u01a1n h\u00e0ng s\u1ebd \u0111\u01b0\u1ee3c v\u1eadn chuy\u1ec3n trong v\u00f2ng 7-14 ng\u00e0y l\u00e0m vi\u1ec7c.\n<\/div>\n<p><a href=\"#WHNheader\">Tr\u1edf l\u1ea1i \u0111\u1ea7u trang<\/a><\/p>\n<p>&nbsp;<\/p>\n<h2 id=\"FRAMESetc\" class=\"whn-product-type\">LO\u1ea0I S\u1ea2N PH\u1ea8M:  <strong>\u00a0 B\u1ea2N IN C\u00d3 KHUNG, \u1ea2NH CANVAS, ACRYLIC<\/strong><\/h2>\n<p>M\u1ed9t trong nh\u1eefng nh\u00e2n vi\u00ean ch\u1ec9nh s\u1eeda l\u1ea1i c\u1ee7a ch\u00fang t\u00f4i s\u1ebd l\u00e0m cho (c\u00e1c) h\u00ecnh \u1ea3nh b\u1ea1n \u0111\u00e3 \u0111\u1eb7t h\u00e0ng kh\u00f4ng c\u00f2n chi ti\u1ebft th\u1eeba v\u00e0 &#8216;s\u1eb5n s\u00e0ng in&#8217;<\/p>\n<p>Sau \u0111\u00f3, ch\u00fang t\u00f4i s\u1ebd in v\u00e0 \u0111\u00f3ng khung ho\u1eb7c chu\u1ea9n b\u1ecb l\u00e0m th\u00e0nh \u1ea3nh canvas ho\u1eb7c acrylic<\/p>\n<p>Ch\u00fang t\u00f4i s\u1ebd g\u1eedi \u0111\u01a1n \u0111\u1eb7t h\u00e0ng c\u1ee7a b\u1ea1n \u0111\u1ebfn tr\u01b0\u1eddng. B\u1ea1n s\u1ebd nh\u1eadn \u0111\u01b0\u1ee3c email t\u01b0 v\u1ea5n khi \u0111\u01a1n h\u00e0ng c\u1ee7a b\u1ea1n \u0111\u01b0\u1ee3c v\u1eadn chuy\u1ec3n.<\/p>\n<div class=\"whn-timing\">\n<u>TH\u1edcI GIAN<\/u><br \/>\nCh\u00fang t\u00f4i s\u1ebd l\u00e0m vi\u1ec7c n\u00e0y nhanh nh\u1ea5t c\u00f3 th\u1ec3. Ch\u00fang t\u00f4i d\u1ef1 ki\u1ebfn s\u1ebd giao h\u00e0ng trong v\u00f2ng 14-28 ng\u00e0y l\u00e0m vi\u1ec7c.\n<\/div>\n<p><a href=\"#WHNheader\">Tr\u1edf l\u1ea1i \u0111\u1ea7u trang<\/a><\/p>\n<p>&nbsp;<\/p>\n<h2 id=\"APPROVALprod\" class=\"whn-product-type\">LO\u1ea0I S\u1ea2N PH\u1ea8M: <strong>\u00a0 S\u1ea2N PH\u1ea8M C\u1ea6N \u0110\u01af\u1ee2C CH\u1ea4P THU\u1eacN<\/strong><\/h2>\n<p>C\u00e1c s\u1ea3n ph\u1ea9m c\u1ea7n s\u1ef1 ch\u1ea5p thu\u1eadn cu\u1ed1i c\u00f9ng c\u1ee7a b\u1ea1n tr\u01b0\u1edbc khi ch\u00fang t\u00f4i c\u00f3 th\u1ec3 ti\u1ebfn h\u00e0nh s\u1ea3n xu\u1ea5t<\/p>\n<p>M\u1ed9t trong nh\u1eefng nh\u00e2n vi\u00ean ch\u1ec9nh s\u1eeda l\u1ea1i c\u1ee7a ch\u00fang t\u00f4i s\u1ebd chu\u1ea9n b\u1ecb (c\u00e1c) t\u1ec7p h\u00ecnh \u1ea3nh theo y\u00eau c\u1ea7u c\u1ee7a b\u1ea1n \/ y\u00eau c\u1ea7u c\u1ee7a s\u1ea3n ph\u1ea9m m\u00e0 b\u1ea1n \u0111\u00e3 \u0111\u1eb7t h\u00e0ng.<\/p>\n<p>Sau \u0111\u00f3, ch\u00fang t\u00f4i s\u1ebd \u0111\u0103ng t\u1ec7p &#8216;s\u1eb5n s\u00e0ng s\u1ea3n xu\u1ea5t&#8217; l\u00ean t\u00e0i kho\u1ea3n c\u1ee7a b\u1ea1n tr\u00ean trang web c\u1ee7a ch\u00fang t\u00f4i v\u00e0 g\u1eedi email cho b\u1ea1n \u0111\u1ec3 th\u00f4ng b\u00e1o r\u1eb1ng t\u1ec7p \u0111\u00e3 s\u1eb5n s\u00e0ng \u0111\u1ec3 b\u1ea1n xem.<\/p>\n<p>B\u1ea1n c\u00f3 th\u1ec3 ch\u1ea5p thu\u1eadn ho\u1eb7c y\u00eau c\u1ea7u s\u1eeda \u0111\u1ed5i tr\u1ef1c tuy\u1ebfn ho\u1eb7c b\u1eb1ng c\u00e1ch li\u00ean h\u1ec7 v\u1edbi nh\u00f3m d\u1ecbch v\u1ee5 kh\u00e1ch h\u00e0ng c\u1ee7a ch\u00fang t\u00f4i.<\/p>\n<div class=\"whn-timing\">\n<u>TH\u1edcI GIAN<\/u><br \/>\nCh\u00fang t\u00f4i s\u1ebd l\u00e0m vi\u1ec7c n\u00e0y nhanh nh\u1ea5t c\u00f3 th\u1ec3. Ch\u00fang t\u00f4i d\u1ef1 \u0111\u1ecbnh sau 3-4 ng\u00e0y l\u00e0m vi\u1ec7c s\u1ebd c\u00f3 (c\u00e1c) \u1ea3nh c\u1ee7a b\u1ea1n \u0111\u1ec3 b\u1ea1n xem x\u00e9t.\n<\/div>\n<p><a href=\"#WHNheader\">Tr\u1edf l\u1ea1i \u0111\u1ea7u trang<\/a><\/p>\n","protected":false},"excerpt":{"rendered":"<p>Quy tr\u00ecnh v\u00e0 th\u1eddi gian quay v\u00f2ng c\u1ee7a ch\u00fang t\u00f4i kh\u00e1c nhau t\u00f9y theo lo\u1ea1i s\u1ea3n ph\u1ea9m. Vui l\u00f2ng nh\u1ea5p v\u00e0o (c\u00e1c) lo\u1ea1i s\u1ea3n ph\u1ea9m ph\u00f9 h\u1ee3p \u0111\u1ec3 t\u00ecm hi\u1ec3u v\u1ec1 nh\u1eefng \u0111i\u1ec1u mong \u0111\u1ee3i v\u1edbi \u0111\u01a1n \u0111\u1eb7t h\u00e0ng c\u1ee7a b\u1ea1n. T\u1ea2I XU\u1ed0NG K\u1ef8 THU\u1eacT S\u1ed0 (JPEGS) B\u1ea2N IN KH\u00d4NG C\u00d3 KHUNG B\u1ea2N IN C\u00d3 [&hellip;]<\/p>\n","protected":false},"author":4,"featured_media":0,"parent":0,"menu_order":0,"comment_status":"closed","ping_status":"closed","template":"template_fullwidth.php","meta":[],"_links":{"self":[{"href":"https:\/\/pret-liveeu-site.azurewebsites.net\/vi\/wp-json\/wp\/v2\/pages\/12872"}],"collection":[{"href":"https:\/\/pret-liveeu-site.azurewebsites.net\/vi\/wp-json\/wp\/v2\/pages"}],"about":[{"href":"https:\/\/pret-liveeu-site.azurewebsites.net\/vi\/wp-json\/wp\/v2\/types\/page"}],"author":[{"embeddable":true,"href":"https:\/\/pret-liveeu-site.azurewebsites.net\/vi\/wp-json\/wp\/v2\/users\/4"}],"replies":[{"embeddable":true,"href":"https:\/\/pret-liveeu-site.azurewebsites.net\/vi\/wp-json\/wp\/v2\/comments?post=12872"}],"version-history":[{"count":2,"href":"https:\/\/pret-liveeu-site.azurewebsites.net\/vi\/wp-json\/wp\/v2\/pages\/12872\/revisions"}],"predecessor-version":[{"id":12880,"href":"https:\/\/pret-liveeu-site.azurewebsites.net\/vi\/wp-json\/wp\/v2\/pages\/12872\/revisions\/12880"}],"wp:attachment":[{"href":"https:\/\/pret-liveeu-site.azurewebsites.net\/vi\/wp-json\/wp\/v2\/media?parent=12872"}],"curies":[{"name":"wp","href":"https:\/\/api.w.org\/{rel}","templated":true}]}}